{"id":176,"date":"2024-04-08T17:27:21","date_gmt":"2024-04-08T17:27:21","guid":{"rendered":"https:\/\/superacomfe.com\/?page_id=176"},"modified":"2025-07-30T20:08:32","modified_gmt":"2025-07-30T20:08:32","slug":"about","status":"publish","type":"page","link":"https:\/\/superacomfe.com\/en\/about\/","title":{"rendered":"About"},"content":{"rendered":"<p>Node <em>Overcome with Faith<\/em>, we believe that digital life can also be a space for personal growth, meaningful connections, and practical spirituality. Our mission is to inspire and inform, bringing content that unites <strong>relationships, entertainment, technology and faith<\/strong> in a light, accessible and relevant way.<\/p>\n\n\n\n<p>We talk about the dilemmas of modern dating, the emotional challenges of connected life, and how apps and digital entertainment can be allies\u2014not enemies.<\/p>\n\n\n\n<p><strong>Here, nothing is by chance.<\/strong> We believe that every click can lead you to new learning. We bring reflections, stories, tips, and trends that help you navigate the digital world with greater awareness and an open heart.<\/p>\n\n\n\n<h2 class=\"wp-block-heading\">Who we are<\/h2>\n\n\n\n<p>We produce and distribute digital content with responsibility, empathy, and curiosity\u2014believing that good ideas should transcend borders.<\/p>\n\n\n\n<p>At SCF, we created a space for those looking for <strong>inspiration and self-knowledge<\/strong>, without sacrificing the reality of today. Our goal is to be a bridge between what you feel and what the world has to offer.<\/p>\n\n\n\n<h2 class=\"wp-block-heading\">Talk to us<\/h2>\n\n\n\n<p>Got an idea, suggestion, or criticism? Your opinion is very important to us. Send a message, share your story, or tell us what you&#039;d like to see here on the Contact page. We&#039;re listening!<\/p>","protected":false},"excerpt":{"rendered":"<p>At Supera Com F\u00e9, we believe that digital life can also be a space for personal growth, meaningful connections, and practical spirituality. Our mission is to inspire and inform, bringing content that combines relationships, entertainment, technology, and faith in a light, accessible, and relevant way. We talk about the dilemmas of modern dating, the emotional challenges of life\u2026&nbsp;<a href=\"https:\/\/superacomfe.com\/en\/about\/\" class=\"\" rel=\"bookmark\">Read More \u00bb<span class=\"screen-reader-text\">About<\/span><\/a><\/p>","protected":false},"author":6,"featured_media":0,"parent":0,"menu_order":0,"comment_status":"closed","ping_status":"closed","template":"","meta":{"neve_meta_sidebar":"","neve_meta_container":"","neve_meta_enable_content_width":"","neve_meta_content_width":0,"neve_meta_title_alignment":"","neve_meta_author_avatar":"","neve_post_elements_order":"","neve_meta_disable_header":"","neve_meta_disable_footer":"","neve_meta_disable_title":"","footnotes":""},"yoast_head":"<!-- This site is optimized with the Yoast SEO plugin v23.3 - https:\/\/yoast.com\/wordpress\/plugins\/seo\/ -->\n<title>Sobre - SCF<\/title>\n<meta name=\"robots\" content=\"index, follow, max-snippet:-1, max-image-preview:large, max-video-preview:-1\" \/>\n<link rel=\"canonical\" href=\"https:\/\/superacomfe.com\/en\/about\/\" \/>\n<meta property=\"og:locale\" content=\"en_US\" \/>\n<meta property=\"og:type\" content=\"article\" \/>\n<meta property=\"og:title\" content=\"Sobre - SCF\" \/>\n<meta property=\"og:description\" content=\"No Supera Com F\u00e9, acreditamos que a vida digital tamb\u00e9m pode ser um espa\u00e7o para crescimento pessoal, conex\u00f5es significativas e espiritualidade pr\u00e1tica. Nossa miss\u00e3o \u00e9 inspirar e informar, trazendo conte\u00fados que unem relacionamento, entretenimento, tecnologia e f\u00e9 de maneira leve, acess\u00edvel e relevante. Falamos sobre os dilemas dos encontros modernos, os desafios emocionais da vida&hellip;&nbsp;Read More &raquo;Sobre\" \/>\n<meta property=\"og:url\" content=\"https:\/\/superacomfe.com\/en\/about\/\" \/>\n<meta property=\"og:site_name\" content=\"SCF\" \/>\n<meta property=\"article:modified_time\" content=\"2025-07-30T20:08:32+00:00\" \/>\n<meta name=\"twitter:card\" content=\"summary_large_image\" \/>\n<meta name=\"twitter:label1\" content=\"Est. reading time\" \/>\n\t<meta name=\"twitter:data1\" content=\"1 minute\" \/>\n<script type=\"application\/ld+json\" class=\"yoast-schema-graph\">{\"@context\":\"https:\/\/schema.org\",\"@graph\":[{\"@type\":\"WebPage\",\"@id\":\"https:\/\/superacomfe.com\/about\/\",\"url\":\"https:\/\/superacomfe.com\/about\/\",\"name\":\"Sobre - SCF\",\"isPartOf\":{\"@id\":\"http:\/\/superacomfe.com\/#website\"},\"datePublished\":\"2024-04-08T17:27:21+00:00\",\"dateModified\":\"2025-07-30T20:08:32+00:00\",\"breadcrumb\":{\"@id\":\"https:\/\/superacomfe.com\/about\/#breadcrumb\"},\"inLanguage\":\"en-US\",\"potentialAction\":[{\"@type\":\"ReadAction\",\"target\":[\"https:\/\/superacomfe.com\/about\/\"]}]},{\"@type\":\"BreadcrumbList\",\"@id\":\"https:\/\/superacomfe.com\/about\/#breadcrumb\",\"itemListElement\":[{\"@type\":\"ListItem\",\"position\":1,\"name\":\"Home\",\"item\":\"http:\/\/superacomfe.com\/\"},{\"@type\":\"ListItem\",\"position\":2,\"name\":\"Sobre\"}]},{\"@type\":\"WebSite\",\"@id\":\"http:\/\/superacomfe.com\/#website\",\"url\":\"http:\/\/superacomfe.com\/\",\"name\":\"SCF\",\"description\":\"\",\"potentialAction\":[{\"@type\":\"SearchAction\",\"target\":{\"@type\":\"EntryPoint\",\"urlTemplate\":\"http:\/\/superacomfe.com\/?s={search_term_string}\"},\"query-input\":\"required name=search_term_string\"}],\"inLanguage\":\"en-US\"}]}<\/script>\n<!-- \/ Yoast SEO plugin. -->","yoast_head_json":{"title":"Sobre - SCF","robots":{"index":"index","follow":"follow","max-snippet":"max-snippet:-1","max-image-preview":"max-image-preview:large","max-video-preview":"max-video-preview:-1"},"canonical":"https:\/\/superacomfe.com\/en\/about\/","og_locale":"en_US","og_type":"article","og_title":"Sobre - SCF","og_description":"No Supera Com F\u00e9, acreditamos que a vida digital tamb\u00e9m pode ser um espa\u00e7o para crescimento pessoal, conex\u00f5es significativas e espiritualidade pr\u00e1tica. Nossa miss\u00e3o \u00e9 inspirar e informar, trazendo conte\u00fados que unem relacionamento, entretenimento, tecnologia e f\u00e9 de maneira leve, acess\u00edvel e relevante. Falamos sobre os dilemas dos encontros modernos, os desafios emocionais da vida&hellip;&nbsp;Read More &raquo;Sobre","og_url":"https:\/\/superacomfe.com\/en\/about\/","og_site_name":"SCF","article_modified_time":"2025-07-30T20:08:32+00:00","twitter_card":"summary_large_image","twitter_misc":{"Est. reading time":"1 minute"},"schema":{"@context":"https:\/\/schema.org","@graph":[{"@type":"WebPage","@id":"https:\/\/superacomfe.com\/about\/","url":"https:\/\/superacomfe.com\/about\/","name":"Sobre - SCF","isPartOf":{"@id":"http:\/\/superacomfe.com\/#website"},"datePublished":"2024-04-08T17:27:21+00:00","dateModified":"2025-07-30T20:08:32+00:00","breadcrumb":{"@id":"https:\/\/superacomfe.com\/about\/#breadcrumb"},"inLanguage":"en-US","potentialAction":[{"@type":"ReadAction","target":["https:\/\/superacomfe.com\/about\/"]}]},{"@type":"BreadcrumbList","@id":"https:\/\/superacomfe.com\/about\/#breadcrumb","itemListElement":[{"@type":"ListItem","position":1,"name":"Home","item":"http:\/\/superacomfe.com\/"},{"@type":"ListItem","position":2,"name":"Sobre"}]},{"@type":"WebSite","@id":"http:\/\/superacomfe.com\/#website","url":"http:\/\/superacomfe.com\/","name":"SCF","description":"","potentialAction":[{"@type":"SearchAction","target":{"@type":"EntryPoint","urlTemplate":"http:\/\/superacomfe.com\/?s={search_term_string}"},"query-input":"required name=search_term_string"}],"inLanguage":"en-US"}]}},"_links":{"self":[{"href":"https:\/\/superacomfe.com\/en\/wp-json\/wp\/v2\/pages\/176"}],"collection":[{"href":"https:\/\/superacomfe.com\/en\/wp-json\/wp\/v2\/pages"}],"about":[{"href":"https:\/\/superacomfe.com\/en\/wp-json\/wp\/v2\/types\/page"}],"author":[{"embeddable":true,"href":"https:\/\/superacomfe.com\/en\/wp-json\/wp\/v2\/users\/6"}],"replies":[{"embeddable":true,"href":"https:\/\/superacomfe.com\/en\/wp-json\/wp\/v2\/comments?post=176"}],"version-history":[{"count":2,"href":"https:\/\/superacomfe.com\/en\/wp-json\/wp\/v2\/pages\/176\/revisions"}],"predecessor-version":[{"id":1328,"href":"https:\/\/superacomfe.com\/en\/wp-json\/wp\/v2\/pages\/176\/revisions\/1328"}],"wp:attachment":[{"href":"https:\/\/superacomfe.com\/en\/wp-json\/wp\/v2\/media?parent=176"}],"curies":[{"name":"wp","href":"https:\/\/api.w.org\/{rel}","templated":true}]}}