{"id":176,"date":"2024-04-08T17:27:21","date_gmt":"2024-04-08T17:27:21","guid":{"rendered":"https:\/\/superacomfe.com\/?page_id=176"},"modified":"2025-07-30T20:08:32","modified_gmt":"2025-07-30T20:08:32","slug":"about","status":"publish","type":"page","link":"https:\/\/superacomfe.com\/es\/about\/","title":{"rendered":"Acerca de"},"content":{"rendered":"<p>Nodo <em>Vencer con fe<\/em>Creemos que la vida digital tambi\u00e9n puede ser un espacio para el crecimiento personal, las conexiones significativas y la espiritualidad pr\u00e1ctica. Nuestra misi\u00f3n es inspirar e informar, ofreciendo contenido que une. <strong>relaciones, entretenimiento, tecnolog\u00eda y fe<\/strong> de forma ligera, accesible y relevante.<\/p>\n\n\n\n<p>Hablamos sobre los dilemas de las citas modernas, los desaf\u00edos emocionales de la vida conectada y c\u00f3mo las aplicaciones y el entretenimiento digital pueden ser aliados, no enemigos.<\/p>\n\n\n\n<p><strong>Aqu\u00ed nada es casualidad.<\/strong> Creemos que cada clic puede llevarte a un nuevo aprendizaje. Traemos reflexiones, historias, consejos y tendencias que te ayudan a navegar el mundo digital con mayor conciencia y un coraz\u00f3n abierto.<\/p>\n\n\n\n<h2 class=\"wp-block-heading\">Quienes somos<\/h2>\n\n\n\n<p>Producimos y distribuimos contenido digital con responsabilidad, empat\u00eda y curiosidad, creyendo que las buenas ideas deben trascender fronteras.<\/p>\n\n\n\n<p>En SCF, creamos un espacio para quienes buscan <strong>inspiraci\u00f3n y autoconocimiento<\/strong>Sin sacrificar la realidad de hoy. Nuestro objetivo es ser un puente entre lo que sientes y lo que el mundo te ofrece.<\/p>\n\n\n\n<h2 class=\"wp-block-heading\">Hable con nosotros<\/h2>\n\n\n\n<p>\u00bfTienes alguna idea, sugerencia o cr\u00edtica? Tu opini\u00f3n es muy importante para nosotros. Env\u00edanos un mensaje, comparte tu historia o dinos qu\u00e9 te gustar\u00eda ver aqu\u00ed en la p\u00e1gina de Contacto. \u00a1Te escuchamos!<\/p>","protected":false},"excerpt":{"rendered":"<p>En Supera Com F\u00e9, creemos que la vida digital tambi\u00e9n puede ser un espacio para el crecimiento personal, conexiones significativas y una espiritualidad pr\u00e1ctica. Nuestra misi\u00f3n es inspirar e informar, ofreciendo contenido que une relaciones, entretenimiento, tecnolog\u00eda y fe de una manera amena, accesible y relevante. Hablamos de los dilemas de las citas modernas, los desaf\u00edos emocionales de la vida\u2026&nbsp;<a href=\"https:\/\/superacomfe.com\/es\/about\/\" class=\"\" rel=\"bookmark\">Leer m\u00e1s &quot;<span class=\"screen-reader-text\">Acerca de<\/span><\/a><\/p>","protected":false},"author":6,"featured_media":0,"parent":0,"menu_order":0,"comment_status":"closed","ping_status":"closed","template":"","meta":{"neve_meta_sidebar":"","neve_meta_container":"","neve_meta_enable_content_width":"","neve_meta_content_width":0,"neve_meta_title_alignment":"","neve_meta_author_avatar":"","neve_post_elements_order":"","neve_meta_disable_header":"","neve_meta_disable_footer":"","neve_meta_disable_title":"","footnotes":""},"yoast_head":"<!-- This site is optimized with the Yoast SEO plugin v23.3 - https:\/\/yoast.com\/wordpress\/plugins\/seo\/ -->\n<title>Sobre - SCF<\/title>\n<meta name=\"robots\" content=\"index, follow, max-snippet:-1, max-image-preview:large, max-video-preview:-1\" \/>\n<link rel=\"canonical\" href=\"https:\/\/superacomfe.com\/es\/about\/\" \/>\n<meta property=\"og:locale\" content=\"es_ES\" \/>\n<meta property=\"og:type\" content=\"article\" \/>\n<meta property=\"og:title\" content=\"Sobre - SCF\" \/>\n<meta property=\"og:description\" content=\"No Supera Com F\u00e9, acreditamos que a vida digital tamb\u00e9m pode ser um espa\u00e7o para crescimento pessoal, conex\u00f5es significativas e espiritualidade pr\u00e1tica. Nossa miss\u00e3o \u00e9 inspirar e informar, trazendo conte\u00fados que unem relacionamento, entretenimento, tecnologia e f\u00e9 de maneira leve, acess\u00edvel e relevante. Falamos sobre os dilemas dos encontros modernos, os desafios emocionais da vida&hellip;&nbsp;Read More &raquo;Sobre\" \/>\n<meta property=\"og:url\" content=\"https:\/\/superacomfe.com\/es\/about\/\" \/>\n<meta property=\"og:site_name\" content=\"SCF\" \/>\n<meta property=\"article:modified_time\" content=\"2025-07-30T20:08:32+00:00\" \/>\n<meta name=\"twitter:card\" content=\"summary_large_image\" \/>\n<meta name=\"twitter:label1\" content=\"Est. reading time\" \/>\n\t<meta name=\"twitter:data1\" content=\"1 minuto\" \/>\n<script type=\"application\/ld+json\" class=\"yoast-schema-graph\">{\"@context\":\"https:\/\/schema.org\",\"@graph\":[{\"@type\":\"WebPage\",\"@id\":\"https:\/\/superacomfe.com\/about\/\",\"url\":\"https:\/\/superacomfe.com\/about\/\",\"name\":\"Sobre - SCF\",\"isPartOf\":{\"@id\":\"http:\/\/superacomfe.com\/#website\"},\"datePublished\":\"2024-04-08T17:27:21+00:00\",\"dateModified\":\"2025-07-30T20:08:32+00:00\",\"breadcrumb\":{\"@id\":\"https:\/\/superacomfe.com\/about\/#breadcrumb\"},\"inLanguage\":\"es\",\"potentialAction\":[{\"@type\":\"ReadAction\",\"target\":[\"https:\/\/superacomfe.com\/about\/\"]}]},{\"@type\":\"BreadcrumbList\",\"@id\":\"https:\/\/superacomfe.com\/about\/#breadcrumb\",\"itemListElement\":[{\"@type\":\"ListItem\",\"position\":1,\"name\":\"Home\",\"item\":\"http:\/\/superacomfe.com\/\"},{\"@type\":\"ListItem\",\"position\":2,\"name\":\"Sobre\"}]},{\"@type\":\"WebSite\",\"@id\":\"http:\/\/superacomfe.com\/#website\",\"url\":\"http:\/\/superacomfe.com\/\",\"name\":\"SCF\",\"description\":\"\",\"potentialAction\":[{\"@type\":\"SearchAction\",\"target\":{\"@type\":\"EntryPoint\",\"urlTemplate\":\"http:\/\/superacomfe.com\/?s={search_term_string}\"},\"query-input\":\"required name=search_term_string\"}],\"inLanguage\":\"es\"}]}<\/script>\n<!-- \/ Yoast SEO plugin. -->","yoast_head_json":{"title":"Sobre - SCF","robots":{"index":"index","follow":"follow","max-snippet":"max-snippet:-1","max-image-preview":"max-image-preview:large","max-video-preview":"max-video-preview:-1"},"canonical":"https:\/\/superacomfe.com\/es\/about\/","og_locale":"es_ES","og_type":"article","og_title":"Sobre - SCF","og_description":"No Supera Com F\u00e9, acreditamos que a vida digital tamb\u00e9m pode ser um espa\u00e7o para crescimento pessoal, conex\u00f5es significativas e espiritualidade pr\u00e1tica. Nossa miss\u00e3o \u00e9 inspirar e informar, trazendo conte\u00fados que unem relacionamento, entretenimento, tecnologia e f\u00e9 de maneira leve, acess\u00edvel e relevante. Falamos sobre os dilemas dos encontros modernos, os desafios emocionais da vida&hellip;&nbsp;Read More &raquo;Sobre","og_url":"https:\/\/superacomfe.com\/es\/about\/","og_site_name":"SCF","article_modified_time":"2025-07-30T20:08:32+00:00","twitter_card":"summary_large_image","twitter_misc":{"Est. reading time":"1 minuto"},"schema":{"@context":"https:\/\/schema.org","@graph":[{"@type":"WebPage","@id":"https:\/\/superacomfe.com\/about\/","url":"https:\/\/superacomfe.com\/about\/","name":"Sobre - SCF","isPartOf":{"@id":"http:\/\/superacomfe.com\/#website"},"datePublished":"2024-04-08T17:27:21+00:00","dateModified":"2025-07-30T20:08:32+00:00","breadcrumb":{"@id":"https:\/\/superacomfe.com\/about\/#breadcrumb"},"inLanguage":"es","potentialAction":[{"@type":"ReadAction","target":["https:\/\/superacomfe.com\/about\/"]}]},{"@type":"BreadcrumbList","@id":"https:\/\/superacomfe.com\/about\/#breadcrumb","itemListElement":[{"@type":"ListItem","position":1,"name":"Home","item":"http:\/\/superacomfe.com\/"},{"@type":"ListItem","position":2,"name":"Sobre"}]},{"@type":"WebSite","@id":"http:\/\/superacomfe.com\/#website","url":"http:\/\/superacomfe.com\/","name":"SCF","description":"","potentialAction":[{"@type":"SearchAction","target":{"@type":"EntryPoint","urlTemplate":"http:\/\/superacomfe.com\/?s={search_term_string}"},"query-input":"required name=search_term_string"}],"inLanguage":"es"}]}},"_links":{"self":[{"href":"https:\/\/superacomfe.com\/es\/wp-json\/wp\/v2\/pages\/176"}],"collection":[{"href":"https:\/\/superacomfe.com\/es\/wp-json\/wp\/v2\/pages"}],"about":[{"href":"https:\/\/superacomfe.com\/es\/wp-json\/wp\/v2\/types\/page"}],"author":[{"embeddable":true,"href":"https:\/\/superacomfe.com\/es\/wp-json\/wp\/v2\/users\/6"}],"replies":[{"embeddable":true,"href":"https:\/\/superacomfe.com\/es\/wp-json\/wp\/v2\/comments?post=176"}],"version-history":[{"count":2,"href":"https:\/\/superacomfe.com\/es\/wp-json\/wp\/v2\/pages\/176\/revisions"}],"predecessor-version":[{"id":1328,"href":"https:\/\/superacomfe.com\/es\/wp-json\/wp\/v2\/pages\/176\/revisions\/1328"}],"wp:attachment":[{"href":"https:\/\/superacomfe.com\/es\/wp-json\/wp\/v2\/media?parent=176"}],"curies":[{"name":"wp","href":"https:\/\/api.w.org\/{rel}","templated":true}]}}