{"id":176,"date":"2024-04-08T17:27:21","date_gmt":"2024-04-08T17:27:21","guid":{"rendered":"https:\/\/superacomfe.com\/?page_id=176"},"modified":"2025-07-30T20:08:32","modified_gmt":"2025-07-30T20:08:32","slug":"about","status":"publish","type":"page","link":"https:\/\/superacomfe.com\/hi\/about\/","title":{"rendered":"\u092a\u0930"},"content":{"rendered":"<p>\u0928\u094b\u0921 <em>\u0935\u093f\u0936\u094d\u0935\u093e\u0938 \u0915\u0947 \u0938\u093e\u0925 \u091c\u0940\u0924\u0947\u0902<\/em>\u0939\u092e\u093e\u0930\u093e \u092e\u093e\u0928\u0928\u093e \u0939\u0948 \u0915\u093f \u0921\u093f\u091c\u093f\u091f\u0932 \u091c\u0940\u0935\u0928 \u0935\u094d\u092f\u0915\u094d\u0924\u093f\u0917\u0924 \u0935\u093f\u0915\u093e\u0938, \u0938\u093e\u0930\u094d\u0925\u0915 \u0938\u0902\u092c\u0902\u0927\u094b\u0902 \u0914\u0930 \u0935\u094d\u092f\u093e\u0935\u0939\u093e\u0930\u093f\u0915 \u0906\u0927\u094d\u092f\u093e\u0924\u094d\u092e\u093f\u0915\u0924\u093e \u0915\u093e \u092d\u0940 \u090f\u0915 \u092e\u093e\u0927\u094d\u092f\u092e \u0939\u094b \u0938\u0915\u0924\u093e \u0939\u0948\u0964 \u0939\u092e\u093e\u0930\u093e \u092e\u093f\u0936\u0928 \u092a\u094d\u0930\u0947\u0930\u093f\u0924 \u0915\u0930\u0928\u093e \u0914\u0930 \u091c\u093e\u0928\u0915\u093e\u0930\u0940 \u0926\u0947\u0928\u093e \u0939\u0948, \u0914\u0930 \u0910\u0938\u0940 \u0938\u093e\u092e\u0917\u094d\u0930\u0940 \u0932\u093e\u0928\u093e \u0939\u0948 \u091c\u094b \u090f\u0915\u091c\u0941\u091f \u0915\u0930\u0924\u0940 \u0939\u0948\u0964 <strong>\u0930\u093f\u0936\u094d\u0924\u0947, \u092e\u0928\u094b\u0930\u0902\u091c\u0928, \u0924\u0915\u0928\u0940\u0915 \u0914\u0930 \u0906\u0938\u094d\u0925\u093e<\/strong> \u090f\u0915 \u0939\u0932\u094d\u0915\u0947, \u0938\u0941\u0932\u092d \u0914\u0930 \u092a\u094d\u0930\u093e\u0938\u0902\u0917\u093f\u0915 \u0924\u0930\u0940\u0915\u0947 \u0938\u0947\u0964<\/p>\n\n\n\n<p>\u0939\u092e \u0906\u0927\u0941\u0928\u093f\u0915 \u0921\u0947\u091f\u093f\u0902\u0917 \u0915\u0940 \u0926\u0941\u0935\u093f\u0927\u093e\u0913\u0902, \u091c\u0941\u0921\u093c\u0947 \u0939\u0941\u090f \u091c\u0940\u0935\u0928 \u0915\u0940 \u092d\u093e\u0935\u0928\u093e\u0924\u094d\u092e\u0915 \u091a\u0941\u0928\u094c\u0924\u093f\u092f\u094b\u0902 \u0914\u0930 \u0907\u0938 \u092c\u093e\u0930\u0947 \u092e\u0947\u0902 \u092c\u093e\u0924 \u0915\u0930\u0924\u0947 \u0939\u0948\u0902 \u0915\u093f \u0915\u0948\u0938\u0947 \u0910\u092a\u094d\u0938 \u0914\u0930 \u0921\u093f\u091c\u093f\u091f\u0932 \u092e\u0928\u094b\u0930\u0902\u091c\u0928 \u090f\u0915-\u0926\u0942\u0938\u0930\u0947 \u0915\u0947 \u0926\u0941\u0936\u094d\u092e\u0928 \u0928\u0939\u0940\u0902, \u092c\u0932\u094d\u0915\u093f \u0938\u0939\u092f\u094b\u0917\u0940 \u0939\u094b \u0938\u0915\u0924\u0947 \u0939\u0948\u0902\u0964<\/p>\n\n\n\n<p><strong>\u092f\u0939\u093e\u0901 \u0915\u0941\u091b \u092d\u0940 \u0938\u0902\u092f\u094b\u0917\u0935\u0936 \u0928\u0939\u0940\u0902 \u0939\u094b\u0924\u093e\u0964<\/strong> \u0939\u092e\u093e\u0930\u093e \u092e\u093e\u0928\u0928\u093e \u0939\u0948 \u0915\u093f \u0939\u0930 \u0915\u094d\u0932\u093f\u0915 \u0906\u092a\u0915\u094b \u0928\u0908 \u0938\u0940\u0916 \u0926\u0947 \u0938\u0915\u0924\u093e \u0939\u0948\u0964 \u0939\u092e \u0906\u092a\u0915\u0947 \u0932\u093f\u090f \u0910\u0938\u0947 \u0935\u093f\u091a\u093e\u0930, \u0915\u0939\u093e\u0928\u093f\u092f\u093e\u0901, \u0938\u0941\u091d\u093e\u0935 \u0914\u0930 \u0930\u0941\u091d\u093e\u0928 \u0932\u0947\u0915\u0930 \u0906\u0924\u0947 \u0939\u0948\u0902 \u091c\u094b \u0906\u092a\u0915\u094b \u0921\u093f\u091c\u093f\u091f\u0932 \u0926\u0941\u0928\u093f\u092f\u093e \u092e\u0947\u0902 \u091c\u093c\u094d\u092f\u093e\u0926\u093e \u091c\u093e\u0917\u0930\u0942\u0915\u0924\u093e \u0914\u0930 \u0916\u0941\u0932\u0947 \u0926\u093f\u0932 \u0938\u0947 \u0906\u0917\u0947 \u092c\u0922\u093c\u0928\u0947 \u092e\u0947\u0902 \u092e\u0926\u0926 \u0915\u0930\u0924\u0947 \u0939\u0948\u0902\u0964<\/p>\n\n\n\n<h2 class=\"wp-block-heading\">\u0939\u092e \u091c\u094b \u0939\u0948\u0902<\/h2>\n\n\n\n<p>\u0939\u092e \u091c\u093f\u092e\u094d\u092e\u0947\u0926\u093e\u0930\u0940, \u0938\u0939\u093e\u0928\u0941\u092d\u0942\u0924\u093f \u0914\u0930 \u091c\u093f\u091c\u094d\u091e\u093e\u0938\u093e \u0915\u0947 \u0938\u093e\u0925 \u0921\u093f\u091c\u093f\u091f\u0932 \u0938\u093e\u092e\u0917\u094d\u0930\u0940 \u0915\u093e \u0909\u0924\u094d\u092a\u093e\u0926\u0928 \u0914\u0930 \u0935\u093f\u0924\u0930\u0923 \u0915\u0930\u0924\u0947 \u0939\u0948\u0902 - \u092f\u0939 \u092e\u093e\u0928\u0924\u0947 \u0939\u0941\u090f \u0915\u093f \u0905\u091a\u094d\u091b\u0947 \u0935\u093f\u091a\u093e\u0930\u094b\u0902 \u0915\u094b \u0938\u0940\u092e\u093e\u0913\u0902 \u0938\u0947 \u092a\u0930\u0947 \u091c\u093e\u0928\u093e \u091a\u093e\u0939\u093f\u090f\u0964<\/p>\n\n\n\n<p>\u090f\u0938\u0938\u0940\u090f\u092b \u092e\u0947\u0902, \u0939\u092e\u0928\u0947 \u0909\u0928 \u0932\u094b\u0917\u094b\u0902 \u0915\u0947 \u0932\u093f\u090f \u090f\u0915 \u091c\u0917\u0939 \u092c\u0928\u093e\u0908 \u0939\u0948 \u091c\u094b <strong>\u092a\u094d\u0930\u0947\u0930\u0923\u093e \u0914\u0930 \u0906\u0924\u094d\u092e-\u091c\u094d\u091e\u093e\u0928<\/strong>\u0906\u091c \u0915\u0940 \u0935\u093e\u0938\u094d\u0924\u0935\u093f\u0915\u0924\u093e \u0938\u0947 \u0938\u092e\u091d\u094c\u0924\u093e \u0915\u093f\u090f \u092c\u093f\u0928\u093e, \u0939\u092e\u093e\u0930\u093e \u0932\u0915\u094d\u0937\u094d\u092f \u0906\u092a\u0915\u0940 \u092d\u093e\u0935\u0928\u093e\u0913\u0902 \u0914\u0930 \u0926\u0941\u0928\u093f\u092f\u093e \u0915\u0940 \u092a\u0947\u0936\u0915\u0936 \u0915\u0947 \u092c\u0940\u091a \u090f\u0915 \u0938\u0947\u0924\u0941 \u0915\u093e \u0915\u093e\u092e \u0915\u0930\u0928\u093e \u0939\u0948\u0964<\/p>\n\n\n\n<h2 class=\"wp-block-heading\">\u0939\u092e\u0938\u0947 \u092c\u093e\u0924 \u0915\u0930\u0947\u0902<\/h2>\n\n\n\n<p>\u0915\u094d\u092f\u093e \u0906\u092a\u0915\u0947 \u092a\u093e\u0938 \u0915\u094b\u0908 \u0935\u093f\u091a\u093e\u0930, \u0938\u0941\u091d\u093e\u0935 \u092f\u093e \u0906\u0932\u094b\u091a\u0928\u093e \u0939\u0948? \u0906\u092a\u0915\u0940 \u0930\u093e\u092f \u0939\u092e\u093e\u0930\u0947 \u0932\u093f\u090f \u092c\u0939\u0941\u0924 \u092e\u0939\u0924\u094d\u0935\u092a\u0942\u0930\u094d\u0923 \u0939\u0948\u0964 \u0939\u092e\u0947\u0902 \u0938\u0902\u0926\u0947\u0936 \u092d\u0947\u091c\u0947\u0902, \u0905\u092a\u0928\u0940 \u0915\u0939\u093e\u0928\u0940 \u0938\u093e\u091d\u093e \u0915\u0930\u0947\u0902, \u092f\u093e \u0938\u0902\u092a\u0930\u094d\u0915 \u092a\u0943\u0937\u094d\u0920 \u092a\u0930 \u092c\u0924\u093e\u090f\u0901 \u0915\u093f \u0906\u092a \u0915\u094d\u092f\u093e \u0926\u0947\u0916\u0928\u093e \u091a\u093e\u0939\u0947\u0902\u0917\u0947\u0964 \u0939\u092e \u0906\u092a\u0915\u0940 \u092c\u093e\u0924 \u0938\u0941\u0928 \u0930\u0939\u0947 \u0939\u0948\u0902!<\/p>","protected":false},"excerpt":{"rendered":"<p>\u0938\u0941\u092a\u0930\u093e \u0915\u0949\u092e \u092b\u0947 \u092e\u0947\u0902, \u0939\u092e\u093e\u0930\u093e \u092e\u093e\u0928\u0928\u093e \u0939\u0948 \u0915\u093f \u0921\u093f\u091c\u093f\u091f\u0932 \u091c\u0940\u0935\u0928 \u0935\u094d\u092f\u0915\u094d\u0924\u093f\u0917\u0924 \u0935\u093f\u0915\u093e\u0938, \u0938\u093e\u0930\u094d\u0925\u0915 \u0938\u0902\u092c\u0902\u0927\u094b\u0902 \u0914\u0930 \u0935\u094d\u092f\u093e\u0935\u0939\u093e\u0930\u093f\u0915 \u0906\u0927\u094d\u092f\u093e\u0924\u094d\u092e\u093f\u0915\u0924\u093e \u0915\u093e \u092d\u0940 \u090f\u0915 \u092e\u093e\u0927\u094d\u092f\u092e \u0939\u094b \u0938\u0915\u0924\u093e \u0939\u0948\u0964 \u0939\u092e\u093e\u0930\u093e \u092e\u093f\u0936\u0928 \u092a\u094d\u0930\u0947\u0930\u093f\u0924 \u0915\u0930\u0928\u093e \u0914\u0930 \u091c\u093e\u0928\u0915\u093e\u0930\u0940 \u0926\u0947\u0928\u093e \u0939\u0948, \u0910\u0938\u0940 \u0938\u093e\u092e\u0917\u094d\u0930\u0940 \u0932\u093e\u0928\u093e \u091c\u094b \u0930\u093f\u0936\u094d\u0924\u094b\u0902, \u092e\u0928\u094b\u0930\u0902\u091c\u0928, \u0924\u0915\u0928\u0940\u0915 \u0914\u0930 \u0906\u0938\u094d\u0925\u093e \u0915\u094b \u090f\u0915 \u0938\u0939\u091c, \u0938\u0941\u0932\u092d \u0914\u0930 \u092a\u094d\u0930\u093e\u0938\u0902\u0917\u093f\u0915 \u0924\u0930\u0940\u0915\u0947 \u0938\u0947 \u091c\u094b\u0921\u093c\u0924\u0940 \u0939\u094b\u0964 \u0939\u092e \u0906\u0927\u0941\u0928\u093f\u0915 \u0921\u0947\u091f\u093f\u0902\u0917 \u0915\u0940 \u0926\u0941\u0935\u093f\u0927\u093e\u0913\u0902, \u091c\u0940\u0935\u0928 \u0915\u0940 \u092d\u093e\u0935\u0928\u093e\u0924\u094d\u092e\u0915 \u091a\u0941\u0928\u094c\u0924\u093f\u092f\u094b\u0902 \u092a\u0930 \u091a\u0930\u094d\u091a\u093e \u0915\u0930\u0924\u0947 \u0939\u0948\u0902...&nbsp;<a href=\"https:\/\/superacomfe.com\/hi\/about\/\" class=\"\" rel=\"bookmark\">\u0914\u0930 \u092a\u0922\u093c\u0947\u0902 &quot;<span class=\"screen-reader-text\">\u092a\u0930<\/span><\/a><\/p>","protected":false},"author":6,"featured_media":0,"parent":0,"menu_order":0,"comment_status":"closed","ping_status":"closed","template":"","meta":{"neve_meta_sidebar":"","neve_meta_container":"","neve_meta_enable_content_width":"","neve_meta_content_width":0,"neve_meta_title_alignment":"","neve_meta_author_avatar":"","neve_post_elements_order":"","neve_meta_disable_header":"","neve_meta_disable_footer":"","neve_meta_disable_title":"","footnotes":""},"yoast_head":"<!-- This site is optimized with the Yoast SEO plugin v23.3 - https:\/\/yoast.com\/wordpress\/plugins\/seo\/ -->\n<title>Sobre - SCF<\/title>\n<meta name=\"robots\" content=\"index, follow, max-snippet:-1, max-image-preview:large, max-video-preview:-1\" \/>\n<link rel=\"canonical\" href=\"https:\/\/superacomfe.com\/hi\/about\/\" \/>\n<meta property=\"og:locale\" content=\"hi_IN\" \/>\n<meta property=\"og:type\" content=\"article\" \/>\n<meta property=\"og:title\" content=\"Sobre - SCF\" \/>\n<meta property=\"og:description\" content=\"No Supera Com F\u00e9, acreditamos que a vida digital tamb\u00e9m pode ser um espa\u00e7o para crescimento pessoal, conex\u00f5es significativas e espiritualidade pr\u00e1tica. Nossa miss\u00e3o \u00e9 inspirar e informar, trazendo conte\u00fados que unem relacionamento, entretenimento, tecnologia e f\u00e9 de maneira leve, acess\u00edvel e relevante. Falamos sobre os dilemas dos encontros modernos, os desafios emocionais da vida&hellip;&nbsp;Read More &raquo;Sobre\" \/>\n<meta property=\"og:url\" content=\"https:\/\/superacomfe.com\/hi\/about\/\" \/>\n<meta property=\"og:site_name\" content=\"SCF\" \/>\n<meta property=\"article:modified_time\" content=\"2025-07-30T20:08:32+00:00\" \/>\n<meta name=\"twitter:card\" content=\"summary_large_image\" \/>\n<meta name=\"twitter:label1\" content=\"Est. reading time\" \/>\n\t<meta name=\"twitter:data1\" content=\"1 \u092e\u093f\u0928\u091f\" \/>\n<script type=\"application\/ld+json\" class=\"yoast-schema-graph\">{\"@context\":\"https:\/\/schema.org\",\"@graph\":[{\"@type\":\"WebPage\",\"@id\":\"https:\/\/superacomfe.com\/about\/\",\"url\":\"https:\/\/superacomfe.com\/about\/\",\"name\":\"Sobre - SCF\",\"isPartOf\":{\"@id\":\"http:\/\/superacomfe.com\/#website\"},\"datePublished\":\"2024-04-08T17:27:21+00:00\",\"dateModified\":\"2025-07-30T20:08:32+00:00\",\"breadcrumb\":{\"@id\":\"https:\/\/superacomfe.com\/about\/#breadcrumb\"},\"inLanguage\":\"hi-IN\",\"potentialAction\":[{\"@type\":\"ReadAction\",\"target\":[\"https:\/\/superacomfe.com\/about\/\"]}]},{\"@type\":\"BreadcrumbList\",\"@id\":\"https:\/\/superacomfe.com\/about\/#breadcrumb\",\"itemListElement\":[{\"@type\":\"ListItem\",\"position\":1,\"name\":\"Home\",\"item\":\"http:\/\/superacomfe.com\/\"},{\"@type\":\"ListItem\",\"position\":2,\"name\":\"Sobre\"}]},{\"@type\":\"WebSite\",\"@id\":\"http:\/\/superacomfe.com\/#website\",\"url\":\"http:\/\/superacomfe.com\/\",\"name\":\"SCF\",\"description\":\"\",\"potentialAction\":[{\"@type\":\"SearchAction\",\"target\":{\"@type\":\"EntryPoint\",\"urlTemplate\":\"http:\/\/superacomfe.com\/?s={search_term_string}\"},\"query-input\":\"required name=search_term_string\"}],\"inLanguage\":\"hi-IN\"}]}<\/script>\n<!-- \/ Yoast SEO plugin. -->","yoast_head_json":{"title":"Sobre - SCF","robots":{"index":"index","follow":"follow","max-snippet":"max-snippet:-1","max-image-preview":"max-image-preview:large","max-video-preview":"max-video-preview:-1"},"canonical":"https:\/\/superacomfe.com\/hi\/about\/","og_locale":"hi_IN","og_type":"article","og_title":"Sobre - SCF","og_description":"No Supera Com F\u00e9, acreditamos que a vida digital tamb\u00e9m pode ser um espa\u00e7o para crescimento pessoal, conex\u00f5es significativas e espiritualidade pr\u00e1tica. Nossa miss\u00e3o \u00e9 inspirar e informar, trazendo conte\u00fados que unem relacionamento, entretenimento, tecnologia e f\u00e9 de maneira leve, acess\u00edvel e relevante. Falamos sobre os dilemas dos encontros modernos, os desafios emocionais da vida&hellip;&nbsp;Read More &raquo;Sobre","og_url":"https:\/\/superacomfe.com\/hi\/about\/","og_site_name":"SCF","article_modified_time":"2025-07-30T20:08:32+00:00","twitter_card":"summary_large_image","twitter_misc":{"Est. reading time":"1 \u092e\u093f\u0928\u091f"},"schema":{"@context":"https:\/\/schema.org","@graph":[{"@type":"WebPage","@id":"https:\/\/superacomfe.com\/about\/","url":"https:\/\/superacomfe.com\/about\/","name":"Sobre - SCF","isPartOf":{"@id":"http:\/\/superacomfe.com\/#website"},"datePublished":"2024-04-08T17:27:21+00:00","dateModified":"2025-07-30T20:08:32+00:00","breadcrumb":{"@id":"https:\/\/superacomfe.com\/about\/#breadcrumb"},"inLanguage":"hi-IN","potentialAction":[{"@type":"ReadAction","target":["https:\/\/superacomfe.com\/about\/"]}]},{"@type":"BreadcrumbList","@id":"https:\/\/superacomfe.com\/about\/#breadcrumb","itemListElement":[{"@type":"ListItem","position":1,"name":"Home","item":"http:\/\/superacomfe.com\/"},{"@type":"ListItem","position":2,"name":"Sobre"}]},{"@type":"WebSite","@id":"http:\/\/superacomfe.com\/#website","url":"http:\/\/superacomfe.com\/","name":"SCF","description":"","potentialAction":[{"@type":"SearchAction","target":{"@type":"EntryPoint","urlTemplate":"http:\/\/superacomfe.com\/?s={search_term_string}"},"query-input":"required name=search_term_string"}],"inLanguage":"hi-IN"}]}},"_links":{"self":[{"href":"https:\/\/superacomfe.com\/hi\/wp-json\/wp\/v2\/pages\/176"}],"collection":[{"href":"https:\/\/superacomfe.com\/hi\/wp-json\/wp\/v2\/pages"}],"about":[{"href":"https:\/\/superacomfe.com\/hi\/wp-json\/wp\/v2\/types\/page"}],"author":[{"embeddable":true,"href":"https:\/\/superacomfe.com\/hi\/wp-json\/wp\/v2\/users\/6"}],"replies":[{"embeddable":true,"href":"https:\/\/superacomfe.com\/hi\/wp-json\/wp\/v2\/comments?post=176"}],"version-history":[{"count":2,"href":"https:\/\/superacomfe.com\/hi\/wp-json\/wp\/v2\/pages\/176\/revisions"}],"predecessor-version":[{"id":1328,"href":"https:\/\/superacomfe.com\/hi\/wp-json\/wp\/v2\/pages\/176\/revisions\/1328"}],"wp:attachment":[{"href":"https:\/\/superacomfe.com\/hi\/wp-json\/wp\/v2\/media?parent=176"}],"curies":[{"name":"wp","href":"https:\/\/api.w.org\/{rel}","templated":true}]}}