{"id":176,"date":"2024-04-08T17:27:21","date_gmt":"2024-04-08T17:27:21","guid":{"rendered":"https:\/\/superacomfe.com\/?page_id=176"},"modified":"2025-07-30T20:08:32","modified_gmt":"2025-07-30T20:08:32","slug":"about","status":"publish","type":"page","link":"https:\/\/superacomfe.com\/id\/about\/","title":{"rendered":"Pada"},"content":{"rendered":"<p>Simpul <em>Atasi dengan Iman<\/em>Kami percaya bahwa kehidupan digital juga dapat menjadi ruang untuk pertumbuhan pribadi, koneksi yang bermakna, dan spiritualitas praktis. Misi kami adalah menginspirasi dan menginformasikan, menghadirkan konten yang menyatukan <strong>hubungan, hiburan, teknologi, dan iman<\/strong> dengan cara yang ringan, mudah diakses, dan relevan.<\/p>\n\n\n\n<p>Kami berbicara tentang dilema kencan modern, tantangan emosional dalam kehidupan yang terhubung, dan bagaimana aplikasi dan hiburan digital dapat menjadi sekutu\u2014bukan musuh.<\/p>\n\n\n\n<p><strong>Di sini, tidak ada yang kebetulan.<\/strong> Kami percaya bahwa setiap klik dapat menuntun Anda pada pembelajaran baru. Kami menghadirkan refleksi, kisah, kiat, dan tren yang membantu Anda menjelajahi dunia digital dengan kesadaran yang lebih tinggi dan keterbukaan hati.<\/p>\n\n\n\n<h2 class=\"wp-block-heading\">Siapakah kami<\/h2>\n\n\n\n<p>Kami memproduksi dan mendistribusikan konten digital dengan tanggung jawab, empati, dan rasa ingin tahu\u2014percaya bahwa ide-ide bagus harus melampaui batas.<\/p>\n\n\n\n<p>Di SCF, kami menciptakan ruang bagi mereka yang mencari <strong>inspirasi dan pengetahuan diri<\/strong>, tanpa mengorbankan realitas hari ini. Tujuan kami adalah menjadi jembatan antara apa yang Anda rasakan dan apa yang ditawarkan dunia.<\/p>\n\n\n\n<h2 class=\"wp-block-heading\">Bicaralah pada kami<\/h2>\n\n\n\n<p>Punya ide, saran, atau kritik? Pendapat Anda sangat penting bagi kami. Kirimkan pesan, bagikan cerita Anda, atau beri tahu kami apa yang ingin Anda lihat di halaman Kontak. Kami mendengarkan!<\/p>","protected":false},"excerpt":{"rendered":"<p>Di Supera Com F\u00e9, kami percaya bahwa kehidupan digital juga dapat menjadi ruang untuk pertumbuhan pribadi, koneksi yang bermakna, dan spiritualitas praktis. Misi kami adalah menginspirasi dan menginformasikan, menghadirkan konten yang menyatukan hubungan, hiburan, teknologi, dan iman dengan cara yang ringan, mudah diakses, dan relevan. Kami membahas dilema kencan modern, tantangan emosional dalam hidup\u2026&nbsp;<a href=\"https:\/\/superacomfe.com\/id\/about\/\" class=\"\" rel=\"bookmark\">Baca selengkapnya &quot;<span class=\"screen-reader-text\">Pada<\/span><\/a><\/p>","protected":false},"author":6,"featured_media":0,"parent":0,"menu_order":0,"comment_status":"closed","ping_status":"closed","template":"","meta":{"neve_meta_sidebar":"","neve_meta_container":"","neve_meta_enable_content_width":"","neve_meta_content_width":0,"neve_meta_title_alignment":"","neve_meta_author_avatar":"","neve_post_elements_order":"","neve_meta_disable_header":"","neve_meta_disable_footer":"","neve_meta_disable_title":"","footnotes":""},"yoast_head":"<!-- This site is optimized with the Yoast SEO plugin v23.3 - https:\/\/yoast.com\/wordpress\/plugins\/seo\/ -->\n<title>Sobre - SCF<\/title>\n<meta name=\"robots\" content=\"index, follow, max-snippet:-1, max-image-preview:large, max-video-preview:-1\" \/>\n<link rel=\"canonical\" href=\"https:\/\/superacomfe.com\/id\/about\/\" \/>\n<meta property=\"og:locale\" content=\"id_ID\" \/>\n<meta property=\"og:type\" content=\"article\" \/>\n<meta property=\"og:title\" content=\"Sobre - SCF\" \/>\n<meta property=\"og:description\" content=\"No Supera Com F\u00e9, acreditamos que a vida digital tamb\u00e9m pode ser um espa\u00e7o para crescimento pessoal, conex\u00f5es significativas e espiritualidade pr\u00e1tica. Nossa miss\u00e3o \u00e9 inspirar e informar, trazendo conte\u00fados que unem relacionamento, entretenimento, tecnologia e f\u00e9 de maneira leve, acess\u00edvel e relevante. Falamos sobre os dilemas dos encontros modernos, os desafios emocionais da vida&hellip;&nbsp;Read More &raquo;Sobre\" \/>\n<meta property=\"og:url\" content=\"https:\/\/superacomfe.com\/id\/about\/\" \/>\n<meta property=\"og:site_name\" content=\"SCF\" \/>\n<meta property=\"article:modified_time\" content=\"2025-07-30T20:08:32+00:00\" \/>\n<meta name=\"twitter:card\" content=\"summary_large_image\" \/>\n<meta name=\"twitter:label1\" content=\"Est. reading time\" \/>\n\t<meta name=\"twitter:data1\" content=\"1 menit\" \/>\n<script type=\"application\/ld+json\" class=\"yoast-schema-graph\">{\"@context\":\"https:\/\/schema.org\",\"@graph\":[{\"@type\":\"WebPage\",\"@id\":\"https:\/\/superacomfe.com\/about\/\",\"url\":\"https:\/\/superacomfe.com\/about\/\",\"name\":\"Sobre - SCF\",\"isPartOf\":{\"@id\":\"http:\/\/superacomfe.com\/#website\"},\"datePublished\":\"2024-04-08T17:27:21+00:00\",\"dateModified\":\"2025-07-30T20:08:32+00:00\",\"breadcrumb\":{\"@id\":\"https:\/\/superacomfe.com\/about\/#breadcrumb\"},\"inLanguage\":\"id\",\"potentialAction\":[{\"@type\":\"ReadAction\",\"target\":[\"https:\/\/superacomfe.com\/about\/\"]}]},{\"@type\":\"BreadcrumbList\",\"@id\":\"https:\/\/superacomfe.com\/about\/#breadcrumb\",\"itemListElement\":[{\"@type\":\"ListItem\",\"position\":1,\"name\":\"Home\",\"item\":\"http:\/\/superacomfe.com\/\"},{\"@type\":\"ListItem\",\"position\":2,\"name\":\"Sobre\"}]},{\"@type\":\"WebSite\",\"@id\":\"http:\/\/superacomfe.com\/#website\",\"url\":\"http:\/\/superacomfe.com\/\",\"name\":\"SCF\",\"description\":\"\",\"potentialAction\":[{\"@type\":\"SearchAction\",\"target\":{\"@type\":\"EntryPoint\",\"urlTemplate\":\"http:\/\/superacomfe.com\/?s={search_term_string}\"},\"query-input\":\"required name=search_term_string\"}],\"inLanguage\":\"id\"}]}<\/script>\n<!-- \/ Yoast SEO plugin. -->","yoast_head_json":{"title":"Sobre - SCF","robots":{"index":"index","follow":"follow","max-snippet":"max-snippet:-1","max-image-preview":"max-image-preview:large","max-video-preview":"max-video-preview:-1"},"canonical":"https:\/\/superacomfe.com\/id\/about\/","og_locale":"id_ID","og_type":"article","og_title":"Sobre - SCF","og_description":"No Supera Com F\u00e9, acreditamos que a vida digital tamb\u00e9m pode ser um espa\u00e7o para crescimento pessoal, conex\u00f5es significativas e espiritualidade pr\u00e1tica. Nossa miss\u00e3o \u00e9 inspirar e informar, trazendo conte\u00fados que unem relacionamento, entretenimento, tecnologia e f\u00e9 de maneira leve, acess\u00edvel e relevante. Falamos sobre os dilemas dos encontros modernos, os desafios emocionais da vida&hellip;&nbsp;Read More &raquo;Sobre","og_url":"https:\/\/superacomfe.com\/id\/about\/","og_site_name":"SCF","article_modified_time":"2025-07-30T20:08:32+00:00","twitter_card":"summary_large_image","twitter_misc":{"Est. reading time":"1 menit"},"schema":{"@context":"https:\/\/schema.org","@graph":[{"@type":"WebPage","@id":"https:\/\/superacomfe.com\/about\/","url":"https:\/\/superacomfe.com\/about\/","name":"Sobre - SCF","isPartOf":{"@id":"http:\/\/superacomfe.com\/#website"},"datePublished":"2024-04-08T17:27:21+00:00","dateModified":"2025-07-30T20:08:32+00:00","breadcrumb":{"@id":"https:\/\/superacomfe.com\/about\/#breadcrumb"},"inLanguage":"id","potentialAction":[{"@type":"ReadAction","target":["https:\/\/superacomfe.com\/about\/"]}]},{"@type":"BreadcrumbList","@id":"https:\/\/superacomfe.com\/about\/#breadcrumb","itemListElement":[{"@type":"ListItem","position":1,"name":"Home","item":"http:\/\/superacomfe.com\/"},{"@type":"ListItem","position":2,"name":"Sobre"}]},{"@type":"WebSite","@id":"http:\/\/superacomfe.com\/#website","url":"http:\/\/superacomfe.com\/","name":"SCF","description":"","potentialAction":[{"@type":"SearchAction","target":{"@type":"EntryPoint","urlTemplate":"http:\/\/superacomfe.com\/?s={search_term_string}"},"query-input":"required name=search_term_string"}],"inLanguage":"id"}]}},"_links":{"self":[{"href":"https:\/\/superacomfe.com\/id\/wp-json\/wp\/v2\/pages\/176"}],"collection":[{"href":"https:\/\/superacomfe.com\/id\/wp-json\/wp\/v2\/pages"}],"about":[{"href":"https:\/\/superacomfe.com\/id\/wp-json\/wp\/v2\/types\/page"}],"author":[{"embeddable":true,"href":"https:\/\/superacomfe.com\/id\/wp-json\/wp\/v2\/users\/6"}],"replies":[{"embeddable":true,"href":"https:\/\/superacomfe.com\/id\/wp-json\/wp\/v2\/comments?post=176"}],"version-history":[{"count":2,"href":"https:\/\/superacomfe.com\/id\/wp-json\/wp\/v2\/pages\/176\/revisions"}],"predecessor-version":[{"id":1328,"href":"https:\/\/superacomfe.com\/id\/wp-json\/wp\/v2\/pages\/176\/revisions\/1328"}],"wp:attachment":[{"href":"https:\/\/superacomfe.com\/id\/wp-json\/wp\/v2\/media?parent=176"}],"curies":[{"name":"wp","href":"https:\/\/api.w.org\/{rel}","templated":true}]}}