{"id":176,"date":"2024-04-08T17:27:21","date_gmt":"2024-04-08T17:27:21","guid":{"rendered":"https:\/\/superacomfe.com\/?page_id=176"},"modified":"2025-07-30T20:08:32","modified_gmt":"2025-07-30T20:08:32","slug":"about","status":"publish","type":"page","link":"https:\/\/superacomfe.com\/it\/about\/","title":{"rendered":"SU"},"content":{"rendered":"<p>Nodo <em>Superare con la fede<\/em>Crediamo che la vita digitale possa anche essere uno spazio di crescita personale, connessioni significative e spiritualit\u00e0 pratica. La nostra missione \u00e8 ispirare e informare, offrendo contenuti che uniscono. <strong>relazioni, intrattenimento, tecnologia e fede<\/strong> in modo leggero, accessibile e pertinente.<\/p>\n\n\n\n<p>Parliamo dei dilemmi degli appuntamenti moderni, delle sfide emotive della vita connessa e di come le app e l&#039;intrattenimento digitale possano essere alleati, non nemici.<\/p>\n\n\n\n<p><strong>Qui nulla \u00e8 casuale.<\/strong> Crediamo che ogni clic possa portarti a nuove conoscenze. Offriamo riflessioni, storie, suggerimenti e tendenze che ti aiutano a navigare nel mondo digitale con maggiore consapevolezza e cuore aperto.<\/p>\n\n\n\n<h2 class=\"wp-block-heading\">Chi siamo<\/h2>\n\n\n\n<p>Produciamo e distribuiamo contenuti digitali con responsabilit\u00e0, empatia e curiosit\u00e0, convinti che le buone idee debbano trascendere i confini.<\/p>\n\n\n\n<p>Presso SCF abbiamo creato uno spazio per coloro che cercano <strong>ispirazione e conoscenza di s\u00e9<\/strong>, senza sacrificare la realt\u00e0 di oggi. Il nostro obiettivo \u00e8 essere un ponte tra ci\u00f2 che senti e ci\u00f2 che il mondo ha da offrire.<\/p>\n\n\n\n<h2 class=\"wp-block-heading\">Parla con noi<\/h2>\n\n\n\n<p>Hai un&#039;idea, un suggerimento o una critica? La tua opinione \u00e8 molto importante per noi. Inviaci un messaggio, condividi la tua storia o dicci cosa vorresti vedere qui nella pagina Contatti. Ti ascoltiamo!<\/p>","protected":false},"excerpt":{"rendered":"<p>Noi di Supera Com F\u00e9 crediamo che la vita digitale possa anche essere uno spazio di crescita personale, connessioni significative e spiritualit\u00e0 pratica. La nostra missione \u00e8 ispirare e informare, offrendo contenuti che uniscono relazioni, intrattenimento, tecnologia e fede in modo leggero, accessibile e pertinente. Parliamo dei dilemmi degli appuntamenti moderni, delle sfide emotive della vita...&nbsp;<a href=\"https:\/\/superacomfe.com\/it\/about\/\" class=\"\" rel=\"bookmark\">Per saperne di pi\u00f9 &quot;<span class=\"screen-reader-text\">SU<\/span><\/a><\/p>","protected":false},"author":6,"featured_media":0,"parent":0,"menu_order":0,"comment_status":"closed","ping_status":"closed","template":"","meta":{"neve_meta_sidebar":"","neve_meta_container":"","neve_meta_enable_content_width":"","neve_meta_content_width":0,"neve_meta_title_alignment":"","neve_meta_author_avatar":"","neve_post_elements_order":"","neve_meta_disable_header":"","neve_meta_disable_footer":"","neve_meta_disable_title":"","footnotes":""},"yoast_head":"<!-- This site is optimized with the Yoast SEO plugin v23.3 - https:\/\/yoast.com\/wordpress\/plugins\/seo\/ -->\n<title>Sobre - SCF<\/title>\n<meta name=\"robots\" content=\"index, follow, max-snippet:-1, max-image-preview:large, max-video-preview:-1\" \/>\n<link rel=\"canonical\" href=\"https:\/\/superacomfe.com\/it\/about\/\" \/>\n<meta property=\"og:locale\" content=\"it_IT\" \/>\n<meta property=\"og:type\" content=\"article\" \/>\n<meta property=\"og:title\" content=\"Sobre - SCF\" \/>\n<meta property=\"og:description\" content=\"No Supera Com F\u00e9, acreditamos que a vida digital tamb\u00e9m pode ser um espa\u00e7o para crescimento pessoal, conex\u00f5es significativas e espiritualidade pr\u00e1tica. Nossa miss\u00e3o \u00e9 inspirar e informar, trazendo conte\u00fados que unem relacionamento, entretenimento, tecnologia e f\u00e9 de maneira leve, acess\u00edvel e relevante. Falamos sobre os dilemas dos encontros modernos, os desafios emocionais da vida&hellip;&nbsp;Read More &raquo;Sobre\" \/>\n<meta property=\"og:url\" content=\"https:\/\/superacomfe.com\/it\/about\/\" \/>\n<meta property=\"og:site_name\" content=\"SCF\" \/>\n<meta property=\"article:modified_time\" content=\"2025-07-30T20:08:32+00:00\" \/>\n<meta name=\"twitter:card\" content=\"summary_large_image\" \/>\n<meta name=\"twitter:label1\" content=\"Est. reading time\" \/>\n\t<meta name=\"twitter:data1\" content=\"1 minuto\" \/>\n<script type=\"application\/ld+json\" class=\"yoast-schema-graph\">{\"@context\":\"https:\/\/schema.org\",\"@graph\":[{\"@type\":\"WebPage\",\"@id\":\"https:\/\/superacomfe.com\/about\/\",\"url\":\"https:\/\/superacomfe.com\/about\/\",\"name\":\"Sobre - SCF\",\"isPartOf\":{\"@id\":\"http:\/\/superacomfe.com\/#website\"},\"datePublished\":\"2024-04-08T17:27:21+00:00\",\"dateModified\":\"2025-07-30T20:08:32+00:00\",\"breadcrumb\":{\"@id\":\"https:\/\/superacomfe.com\/about\/#breadcrumb\"},\"inLanguage\":\"it-IT\",\"potentialAction\":[{\"@type\":\"ReadAction\",\"target\":[\"https:\/\/superacomfe.com\/about\/\"]}]},{\"@type\":\"BreadcrumbList\",\"@id\":\"https:\/\/superacomfe.com\/about\/#breadcrumb\",\"itemListElement\":[{\"@type\":\"ListItem\",\"position\":1,\"name\":\"Home\",\"item\":\"http:\/\/superacomfe.com\/\"},{\"@type\":\"ListItem\",\"position\":2,\"name\":\"Sobre\"}]},{\"@type\":\"WebSite\",\"@id\":\"http:\/\/superacomfe.com\/#website\",\"url\":\"http:\/\/superacomfe.com\/\",\"name\":\"SCF\",\"description\":\"\",\"potentialAction\":[{\"@type\":\"SearchAction\",\"target\":{\"@type\":\"EntryPoint\",\"urlTemplate\":\"http:\/\/superacomfe.com\/?s={search_term_string}\"},\"query-input\":\"required name=search_term_string\"}],\"inLanguage\":\"it-IT\"}]}<\/script>\n<!-- \/ Yoast SEO plugin. -->","yoast_head_json":{"title":"Sobre - SCF","robots":{"index":"index","follow":"follow","max-snippet":"max-snippet:-1","max-image-preview":"max-image-preview:large","max-video-preview":"max-video-preview:-1"},"canonical":"https:\/\/superacomfe.com\/it\/about\/","og_locale":"it_IT","og_type":"article","og_title":"Sobre - SCF","og_description":"No Supera Com F\u00e9, acreditamos que a vida digital tamb\u00e9m pode ser um espa\u00e7o para crescimento pessoal, conex\u00f5es significativas e espiritualidade pr\u00e1tica. Nossa miss\u00e3o \u00e9 inspirar e informar, trazendo conte\u00fados que unem relacionamento, entretenimento, tecnologia e f\u00e9 de maneira leve, acess\u00edvel e relevante. Falamos sobre os dilemas dos encontros modernos, os desafios emocionais da vida&hellip;&nbsp;Read More &raquo;Sobre","og_url":"https:\/\/superacomfe.com\/it\/about\/","og_site_name":"SCF","article_modified_time":"2025-07-30T20:08:32+00:00","twitter_card":"summary_large_image","twitter_misc":{"Est. reading time":"1 minuto"},"schema":{"@context":"https:\/\/schema.org","@graph":[{"@type":"WebPage","@id":"https:\/\/superacomfe.com\/about\/","url":"https:\/\/superacomfe.com\/about\/","name":"Sobre - SCF","isPartOf":{"@id":"http:\/\/superacomfe.com\/#website"},"datePublished":"2024-04-08T17:27:21+00:00","dateModified":"2025-07-30T20:08:32+00:00","breadcrumb":{"@id":"https:\/\/superacomfe.com\/about\/#breadcrumb"},"inLanguage":"it-IT","potentialAction":[{"@type":"ReadAction","target":["https:\/\/superacomfe.com\/about\/"]}]},{"@type":"BreadcrumbList","@id":"https:\/\/superacomfe.com\/about\/#breadcrumb","itemListElement":[{"@type":"ListItem","position":1,"name":"Home","item":"http:\/\/superacomfe.com\/"},{"@type":"ListItem","position":2,"name":"Sobre"}]},{"@type":"WebSite","@id":"http:\/\/superacomfe.com\/#website","url":"http:\/\/superacomfe.com\/","name":"SCF","description":"","potentialAction":[{"@type":"SearchAction","target":{"@type":"EntryPoint","urlTemplate":"http:\/\/superacomfe.com\/?s={search_term_string}"},"query-input":"required name=search_term_string"}],"inLanguage":"it-IT"}]}},"_links":{"self":[{"href":"https:\/\/superacomfe.com\/it\/wp-json\/wp\/v2\/pages\/176"}],"collection":[{"href":"https:\/\/superacomfe.com\/it\/wp-json\/wp\/v2\/pages"}],"about":[{"href":"https:\/\/superacomfe.com\/it\/wp-json\/wp\/v2\/types\/page"}],"author":[{"embeddable":true,"href":"https:\/\/superacomfe.com\/it\/wp-json\/wp\/v2\/users\/6"}],"replies":[{"embeddable":true,"href":"https:\/\/superacomfe.com\/it\/wp-json\/wp\/v2\/comments?post=176"}],"version-history":[{"count":2,"href":"https:\/\/superacomfe.com\/it\/wp-json\/wp\/v2\/pages\/176\/revisions"}],"predecessor-version":[{"id":1328,"href":"https:\/\/superacomfe.com\/it\/wp-json\/wp\/v2\/pages\/176\/revisions\/1328"}],"wp:attachment":[{"href":"https:\/\/superacomfe.com\/it\/wp-json\/wp\/v2\/media?parent=176"}],"curies":[{"name":"wp","href":"https:\/\/api.w.org\/{rel}","templated":true}]}}