{"id":176,"date":"2024-04-08T17:27:21","date_gmt":"2024-04-08T17:27:21","guid":{"rendered":"https:\/\/superacomfe.com\/?page_id=176"},"modified":"2025-07-30T20:08:32","modified_gmt":"2025-07-30T20:08:32","slug":"about","status":"publish","type":"page","link":"https:\/\/superacomfe.com\/ko\/about\/","title":{"rendered":"~\uc5d0"},"content":{"rendered":"<p>\ub9c8\ub514 <em>\ubbff\uc74c\uc73c\ub85c \uadf9\ubcf5\ud558\ub2e4<\/em>\uc6b0\ub9ac\ub294 \ub514\uc9c0\ud138 \ub77c\uc774\ud504\uac00 \uac1c\uc778\uc801 \uc131\uc7a5, \uc758\ubbf8 \uc788\ub294 \uad00\uacc4, \uadf8\ub9ac\uace0 \uc2e4\uc9c8\uc801\uc778 \uc601\uc131\uc744 \uc704\ud55c \uacf5\uac04\uc774 \ub420 \uc218 \uc788\ub2e4\uace0 \ubbff\uc2b5\ub2c8\ub2e4. \uc6b0\ub9ac\uc758 \uc0ac\uba85\uc740 \uc601\uac10\uc744 \uc8fc\uace0 \uc815\ubcf4\ub97c \uc81c\uacf5\ud558\uba70, <strong>\uad00\uacc4, \uc5d4\ud130\ud14c\uc778\uba3c\ud2b8, \uae30\uc220 \ubc0f \uc2e0\uc559<\/strong> \uac00\ubccd\uace0, \uc811\uadfc\ud558\uae30 \uc27d\uace0, \uad00\ub828\uc131 \uc788\ub294 \ubc29\uc2dd\uc73c\ub85c.<\/p>\n\n\n\n<p>\uc6b0\ub9ac\ub294 \ud604\ub300 \ub370\uc774\ud2b8\uc758 \ub51c\ub808\ub9c8, \uc5f0\uacb0\ub41c \uc0b6\uc5d0\uc11c \uacaa\ub294 \uac10\uc815\uc801 \uc5b4\ub824\uc6c0, \uadf8\ub9ac\uace0 \uc571\uacfc \ub514\uc9c0\ud138 \uc5d4\ud130\ud14c\uc778\uba3c\ud2b8\uac00 \uc801\uc774 \uc544\ub2cc \ub3d9\ub9f9\uc774 \ub420 \uc218 \uc788\ub294 \ubc29\ubc95\uc5d0 \ub300\ud574 \uc774\uc57c\uae30\ud569\ub2c8\ub2e4.<\/p>\n\n\n\n<p><strong>\uc5ec\uae30\uc11c\ub294 \uc544\ubb34\uac83\ub3c4 \uc6b0\uc5f0\uc774 \uc544\ub2d9\ub2c8\ub2e4.<\/strong> \uc800\ud76c\ub294 \ubaa8\ub4e0 \ud074\ub9ad\uc774 \uc0c8\ub85c\uc6b4 \ubc30\uc6c0\uc73c\ub85c \uc774\uc5b4\uc9c8 \uc218 \uc788\ub2e4\uace0 \ubbff\uc2b5\ub2c8\ub2e4. \ub514\uc9c0\ud138 \uc138\uc0c1\uc744 \ub354 \uae4a\uc774 \uc774\ud574\ud558\uace0 \uc5f4\ub9b0 \ub9c8\uc74c\uc73c\ub85c \ud5e4\uccd0\ub098\uac00\ub294 \ub370 \ub3c4\uc6c0\uc774 \ub418\ub294 \uc0dd\uac01, \uc774\uc57c\uae30, \ud301, \ud2b8\ub80c\ub4dc\ub97c \uc81c\uacf5\ud569\ub2c8\ub2e4.<\/p>\n\n\n\n<h2 class=\"wp-block-heading\">\uc6b0\ub9ac\ub294 \ub204\uad6c\uc778\uac00<\/h2>\n\n\n\n<p>\uc6b0\ub9ac\ub294 \ucc45\uc784\uac10, \uacf5\uac10, \ud638\uae30\uc2ec\uc744 \uac00\uc9c0\uace0 \ub514\uc9c0\ud138 \ucf58\ud150\uce20\ub97c \uc81c\uc791\ud558\uace0 \ubc30\ud3ec\ud569\ub2c8\ub2e4. \uc88b\uc740 \uc544\uc774\ub514\uc5b4\ub294 \uad6d\uacbd\uc744 \ub118\uc5b4\uc57c \ud55c\ub2e4\uace0 \ubbff\uc2b5\ub2c8\ub2e4.<\/p>\n\n\n\n<p>SCF\uc5d0\uc11c\ub294 \ub2e4\uc74c\uc744 \ucc3e\ub294 \uc0ac\ub78c\ub4e4\uc744 \uc704\ud55c \uacf5\uac04\uc744 \ub9cc\ub4e4\uc5c8\uc2b5\ub2c8\ub2e4. <strong>\uc601\uac10\uacfc \uc790\uae30 \uc778\uc2dd<\/strong>\uc624\ub298\ub0a0\uc758 \ud604\uc2e4\uc744 \ud76c\uc0dd\ud558\uc9c0 \uc54a\uace0\ub3c4, \uc6b0\ub9ac\uc758 \ubaa9\ud45c\ub294 \ub2f9\uc2e0\uc774 \ub290\ub07c\ub294 \uac83\uacfc \uc138\uc0c1\uc774 \uc81c\uacf5\ud558\ub294 \uac83 \uc0ac\uc774\uc758 \ub2e4\ub9ac\uac00 \ub418\ub294 \uac83\uc785\ub2c8\ub2e4.<\/p>\n\n\n\n<h2 class=\"wp-block-heading\">\uc6b0\ub9ac\uc5d0\uac8c \ub9d0\ud574\uc8fc\uc138\uc694<\/h2>\n\n\n\n<p>\uc544\uc774\ub514\uc5b4, \uc81c\uc548, \ub610\ub294 \ube44\ud310\uc774 \uc788\uc73c\uc2e0\uac00\uc694? \uc5ec\ub7ec\ubd84\uc758 \uc758\uacac\uc740 \uc800\ud76c\uc5d0\uac8c \ub9e4\uc6b0 \uc18c\uc911\ud569\ub2c8\ub2e4. \uba54\uc2dc\uc9c0\ub97c \ubcf4\ub0b4\uc2dc\uac70\ub098, \uc5ec\ub7ec\ubd84\uc758 \uc774\uc57c\uae30\ub97c \uacf5\uc720\ud558\uc2dc\uac70\ub098, \uc5ec\uae30 &#039;\uc5f0\ub77d\ucc98&#039; \ud398\uc774\uc9c0\uc5d0\uc11c \ubcf4\uace0 \uc2f6\uc740 \ub0b4\uc6a9\uc744 \uc54c\ub824\uc8fc\uc138\uc694. \uc800\ud76c\ub294 \uc5ec\ub7ec\ubd84\uc758 \uc758\uacac\uc744 \uacbd\uccad\ud569\ub2c8\ub2e4!<\/p>","protected":false},"excerpt":{"rendered":"<p>Supera Com F\u00e9\ub294 \ub514\uc9c0\ud138 \ub77c\uc774\ud504\uac00 \uac1c\uc778\uc758 \uc131\uc7a5, \uc758\ubbf8 \uc788\ub294 \uad00\uacc4, \uadf8\ub9ac\uace0 \uc2e4\uc9c8\uc801\uc778 \uc601\uc131\uc744 \uc704\ud55c \uacf5\uac04\uc774 \ub420 \uc218 \uc788\ub2e4\uace0 \ubbff\uc2b5\ub2c8\ub2e4. \uc800\ud76c\uc758 \uc0ac\uba85\uc740 \uad00\uacc4, \uc5d4\ud130\ud14c\uc778\uba3c\ud2b8, \uae30\uc220, \uadf8\ub9ac\uace0 \uc2e0\uc559\uc744 \uac00\ubccd\uace0, \uc811\uadfc\ud558\uae30 \uc27d\uace0, \uc758\ubbf8 \uc788\ub294 \ubc29\uc2dd\uc73c\ub85c \ud1b5\ud569\ud558\ub294 \ucf58\ud150\uce20\ub97c \ud1b5\ud574 \uc601\uac10\uacfc \uc815\ubcf4\ub97c \uc81c\uacf5\ud558\ub294 \uac83\uc785\ub2c8\ub2e4. \ud604\ub300 \uc5f0\uc560\uc758 \ub51c\ub808\ub9c8, \uc0b6\uc758 \uac10\uc815\uc801 \uc5b4\ub824\uc6c0 \ub4f1\uc5d0 \ub300\ud574 \uc774\uc57c\uae30\ud569\ub2c8\ub2e4.&nbsp;<a href=\"https:\/\/superacomfe.com\/ko\/about\/\" class=\"\" rel=\"bookmark\">\ub354 \uc77d\uae30 \u00bb<span class=\"screen-reader-text\">~\uc5d0<\/span><\/a><\/p>","protected":false},"author":6,"featured_media":0,"parent":0,"menu_order":0,"comment_status":"closed","ping_status":"closed","template":"","meta":{"neve_meta_sidebar":"","neve_meta_container":"","neve_meta_enable_content_width":"","neve_meta_content_width":0,"neve_meta_title_alignment":"","neve_meta_author_avatar":"","neve_post_elements_order":"","neve_meta_disable_header":"","neve_meta_disable_footer":"","neve_meta_disable_title":"","footnotes":""},"yoast_head":"<!-- This site is optimized with the Yoast SEO plugin v23.3 - https:\/\/yoast.com\/wordpress\/plugins\/seo\/ -->\n<title>Sobre - SCF<\/title>\n<meta name=\"robots\" content=\"index, follow, max-snippet:-1, max-image-preview:large, max-video-preview:-1\" \/>\n<link rel=\"canonical\" href=\"https:\/\/superacomfe.com\/ko\/about\/\" \/>\n<meta property=\"og:locale\" content=\"ko_KR\" \/>\n<meta property=\"og:type\" content=\"article\" \/>\n<meta property=\"og:title\" content=\"Sobre - SCF\" \/>\n<meta property=\"og:description\" content=\"No Supera Com F\u00e9, acreditamos que a vida digital tamb\u00e9m pode ser um espa\u00e7o para crescimento pessoal, conex\u00f5es significativas e espiritualidade pr\u00e1tica. Nossa miss\u00e3o \u00e9 inspirar e informar, trazendo conte\u00fados que unem relacionamento, entretenimento, tecnologia e f\u00e9 de maneira leve, acess\u00edvel e relevante. Falamos sobre os dilemas dos encontros modernos, os desafios emocionais da vida&hellip;&nbsp;Read More &raquo;Sobre\" \/>\n<meta property=\"og:url\" content=\"https:\/\/superacomfe.com\/ko\/about\/\" \/>\n<meta property=\"og:site_name\" content=\"SCF\" \/>\n<meta property=\"article:modified_time\" content=\"2025-07-30T20:08:32+00:00\" \/>\n<meta name=\"twitter:card\" content=\"summary_large_image\" \/>\n<meta name=\"twitter:label1\" content=\"Est. reading time\" \/>\n\t<meta name=\"twitter:data1\" content=\"1\ubd84\" \/>\n<script type=\"application\/ld+json\" class=\"yoast-schema-graph\">{\"@context\":\"https:\/\/schema.org\",\"@graph\":[{\"@type\":\"WebPage\",\"@id\":\"https:\/\/superacomfe.com\/about\/\",\"url\":\"https:\/\/superacomfe.com\/about\/\",\"name\":\"Sobre - SCF\",\"isPartOf\":{\"@id\":\"http:\/\/superacomfe.com\/#website\"},\"datePublished\":\"2024-04-08T17:27:21+00:00\",\"dateModified\":\"2025-07-30T20:08:32+00:00\",\"breadcrumb\":{\"@id\":\"https:\/\/superacomfe.com\/about\/#breadcrumb\"},\"inLanguage\":\"ko-KR\",\"potentialAction\":[{\"@type\":\"ReadAction\",\"target\":[\"https:\/\/superacomfe.com\/about\/\"]}]},{\"@type\":\"BreadcrumbList\",\"@id\":\"https:\/\/superacomfe.com\/about\/#breadcrumb\",\"itemListElement\":[{\"@type\":\"ListItem\",\"position\":1,\"name\":\"Home\",\"item\":\"http:\/\/superacomfe.com\/\"},{\"@type\":\"ListItem\",\"position\":2,\"name\":\"Sobre\"}]},{\"@type\":\"WebSite\",\"@id\":\"http:\/\/superacomfe.com\/#website\",\"url\":\"http:\/\/superacomfe.com\/\",\"name\":\"SCF\",\"description\":\"\",\"potentialAction\":[{\"@type\":\"SearchAction\",\"target\":{\"@type\":\"EntryPoint\",\"urlTemplate\":\"http:\/\/superacomfe.com\/?s={search_term_string}\"},\"query-input\":\"required name=search_term_string\"}],\"inLanguage\":\"ko-KR\"}]}<\/script>\n<!-- \/ Yoast SEO plugin. -->","yoast_head_json":{"title":"Sobre - SCF","robots":{"index":"index","follow":"follow","max-snippet":"max-snippet:-1","max-image-preview":"max-image-preview:large","max-video-preview":"max-video-preview:-1"},"canonical":"https:\/\/superacomfe.com\/ko\/about\/","og_locale":"ko_KR","og_type":"article","og_title":"Sobre - SCF","og_description":"No Supera Com F\u00e9, acreditamos que a vida digital tamb\u00e9m pode ser um espa\u00e7o para crescimento pessoal, conex\u00f5es significativas e espiritualidade pr\u00e1tica. Nossa miss\u00e3o \u00e9 inspirar e informar, trazendo conte\u00fados que unem relacionamento, entretenimento, tecnologia e f\u00e9 de maneira leve, acess\u00edvel e relevante. Falamos sobre os dilemas dos encontros modernos, os desafios emocionais da vida&hellip;&nbsp;Read More &raquo;Sobre","og_url":"https:\/\/superacomfe.com\/ko\/about\/","og_site_name":"SCF","article_modified_time":"2025-07-30T20:08:32+00:00","twitter_card":"summary_large_image","twitter_misc":{"Est. reading time":"1\ubd84"},"schema":{"@context":"https:\/\/schema.org","@graph":[{"@type":"WebPage","@id":"https:\/\/superacomfe.com\/about\/","url":"https:\/\/superacomfe.com\/about\/","name":"Sobre - SCF","isPartOf":{"@id":"http:\/\/superacomfe.com\/#website"},"datePublished":"2024-04-08T17:27:21+00:00","dateModified":"2025-07-30T20:08:32+00:00","breadcrumb":{"@id":"https:\/\/superacomfe.com\/about\/#breadcrumb"},"inLanguage":"ko-KR","potentialAction":[{"@type":"ReadAction","target":["https:\/\/superacomfe.com\/about\/"]}]},{"@type":"BreadcrumbList","@id":"https:\/\/superacomfe.com\/about\/#breadcrumb","itemListElement":[{"@type":"ListItem","position":1,"name":"Home","item":"http:\/\/superacomfe.com\/"},{"@type":"ListItem","position":2,"name":"Sobre"}]},{"@type":"WebSite","@id":"http:\/\/superacomfe.com\/#website","url":"http:\/\/superacomfe.com\/","name":"SCF","description":"","potentialAction":[{"@type":"SearchAction","target":{"@type":"EntryPoint","urlTemplate":"http:\/\/superacomfe.com\/?s={search_term_string}"},"query-input":"required name=search_term_string"}],"inLanguage":"ko-KR"}]}},"_links":{"self":[{"href":"https:\/\/superacomfe.com\/ko\/wp-json\/wp\/v2\/pages\/176"}],"collection":[{"href":"https:\/\/superacomfe.com\/ko\/wp-json\/wp\/v2\/pages"}],"about":[{"href":"https:\/\/superacomfe.com\/ko\/wp-json\/wp\/v2\/types\/page"}],"author":[{"embeddable":true,"href":"https:\/\/superacomfe.com\/ko\/wp-json\/wp\/v2\/users\/6"}],"replies":[{"embeddable":true,"href":"https:\/\/superacomfe.com\/ko\/wp-json\/wp\/v2\/comments?post=176"}],"version-history":[{"count":2,"href":"https:\/\/superacomfe.com\/ko\/wp-json\/wp\/v2\/pages\/176\/revisions"}],"predecessor-version":[{"id":1328,"href":"https:\/\/superacomfe.com\/ko\/wp-json\/wp\/v2\/pages\/176\/revisions\/1328"}],"wp:attachment":[{"href":"https:\/\/superacomfe.com\/ko\/wp-json\/wp\/v2\/media?parent=176"}],"curies":[{"name":"wp","href":"https:\/\/api.w.org\/{rel}","templated":true}]}}